{"id":37,"date":"2016-07-07T23:10:54","date_gmt":"2016-07-07T21:10:54","guid":{"rendered":"http:\/\/downtowndixiesociety.com\/?page_id=37"},"modified":"2020-07-04T12:36:49","modified_gmt":"2020-07-04T10:36:49","slug":"about-downtown-dixie","status":"publish","type":"page","link":"https:\/\/downtowndixiesociety.com\/nl\/about-downtown-dixie\/","title":{"rendered":"Bio"},"content":{"rendered":"<h1><em><img loading=\"lazy\" decoding=\"async\" class=\"alignnone size-medium wp-image-79\" src=\"http:\/\/downtowndixiesociety.com\/wp-content\/uploads\/2016\/07\/D.T.D.S_kaartje-264x300.gif\" alt=\"D.T.D.S_kaartje\" width=\"264\" height=\"300\" srcset=\"https:\/\/downtowndixiesociety.com\/wp-content\/uploads\/2016\/07\/D.T.D.S_kaartje-264x300.gif 264w, https:\/\/downtowndixiesociety.com\/wp-content\/uploads\/2016\/07\/D.T.D.S_kaartje-768x872.gif 768w\" sizes=\"auto, (max-width: 264px) 85vw, 264px\" \/><\/em><\/h1>\n<h1><em><\/em><strong>DOWN TOWN DIXIE SOCIETY since 1990<\/strong><\/h1>\n<p style=\"text-align: center;\">===Yes, we\u2019re playing Jazz===<\/p>\n<p>De basis van deze bijzondere en feestelijke band ligt op de Hoge Hotelschool in Maastricht.<br \/>\nOntstaan uit vrolijke spontaniteit onder een aantal studenten die behalve vriendschap, ook de passie deelde voor swingende muziek, entertainment en feesten &amp; partijen. Vanaf de oprichting in 1990 is daar anno nu niets aan veranderd.<br \/>\nOmdat vanaf 1992 de band steeds vaker geboekt werd voor een grote diversiteit aan evenementen en feesten, is destijds Frans Angenent aangesteld als manager. Hij is nooit meer weggegaan. Hij voor de organisatie rondom het podium, de muzikanten voor het entertainment op het podium. Sindsdien is het een reislustig gezelschap: heel Nederland, Duitsland, Frankrijk, Belgi\u00eb, Luxemburg, Itali\u00eb, de USA, Oman, Bahrein, Dubai, Bonaire, St Maarten, Cura\u00e7ao, Aruba en Suriname. Export van Hollandse gezelligheid in combinatie met swingende muziek. Van kleine particuliere feesten (vanaf 3,5 personen) tot grote evenementen, bedrijfsfeesten, beurzen en Jazz- en muziekfestivals.<\/p>\n<p>Hoewel het overgrote deel van de oprichters nog altijd actief is in de band, zijn met de tijd ook een aantal \u201cniet-Hotello\u2019s\u201d de gelederen komen versterken. Uiteraard altijd geselecteerd op muzikaliteit en de juiste spirit. Al met al een steady bandje!<\/p>\n<p>De formule: swingende muziek en entertainment op \u00e9\u00e9n podium.<\/p>\n<p>De Down Town Dixie Society onderscheidt zich van de traditionele orkesten in het genre door haar repertoire keuze; goed in het gehoor liggende, swingende muziek, geschikt voor een breed publiek. Van jong(er) tot oud(er). Daarnaast is deze band in staat iedere partij tot een happening te maken. Ook Blues of zo nodig \u2018feestmuziek\u2019 komen zonder problemen uit de instrumenten. \u201c\u00cfs er een zanger(es) in de zaal? Kom er bij, kom er bij!\u201d. De presentatie op het podium is dus alles behalve traditioneel; feestelijk, enthousiast, entertainend. Met een focus op het publiek, om hen naar het hoogtepunt van de avond te begeleiden.<\/p>\n<p>Agency: Frans Angenent<br \/>\nTel\/Fax : +31 251200801<br \/>\nMobile : +31 6 53405291<br \/>\nE-mail : fmj.angenent@casema.nl<br \/>\nFacebook: https:\/\/www.facebook.com\/down.dixie<br \/>\nYou tube: Downtown Dixie<\/p>\n<p>Chronologisch enkele hoogtepunten:<\/p>\n<p>1990 Oprichting<br \/>\n1991 Duitsland Tour<br \/>\n1992 Jazz Festival Annecy en Cannes<br \/>\n1993 Diverse steden in Zuid Frankrijk en Jazz Festival Annecy<br \/>\n1994 Florida, WK Voetbal i.o.v. RoadAir<br \/>\n1995 Bahrein, Heineken Jazz Festival WK Schaatsen Itali\u00eb, i.o.v. RoadAir<br \/>\n1996 Dubai en Bahrein, Heineken Jazz Festival<br \/>\n1997 Bahrein en Oman, Heineken Jazz Festival<br \/>\n1998 Frankrijk WK Voetbal, i.o.v. RoadAir<br \/>\n1999 Luxemburg, Jazz Festival<br \/>\n2000 EK Voetbal, i.o.v. Road Air 11.<br \/>\n2001 Sneekweek en Skutsje Sielen Friesland<br \/>\n2002 Bonaire, Aruba en Cura\u00e7ao, de Nederlandse Antillen<br \/>\n2003 Aruba, Cura\u00e7ao en Bonaire, de Nederlandse Antillen<br \/>\n2004 The Caribbean Tour 2004 (Sint Maarten en andere eilanden)<br \/>\n2005 The Aruba &amp; Sint Maarten Tour<br \/>\n2006 Dutch Jazz Tour Lemmer<br \/>\n2007 Bonaire Live Jazz<br \/>\n2008 Curacao Live Jazz Avila Beach Hotel &amp; The Sopranos Bar<br \/>\n2009 Sint Maarten, Tour op Nederlandse en Franse deel van het eiland.<br \/>\n2010 Bonaire Heineken Regatta en Live Curacao.<br \/>\n2011 Aruba Renaissance, Tamarijn, Divi &amp; Live Zanzibar, Papagayo Curacao<br \/>\n2012 Suriname Jazz festival<br \/>\n2013 Suriname Parbo &amp; Music Festival &amp; Marriott &amp; Renaissance Aruba<br \/>\n2014 Aruba Jazz Festival &amp; Suriname Jazz Tour<br \/>\n2015 Suriname Lustrum Tour DTDS<br \/>\n2017 Jazz &amp; Dixie Tour Thailand, Chiang rai, Chiang mai en Bangkok<br \/>\nDaarnaast op alle grote Jazz evenementen in Nederland.<\/p>\n<p>De bezetting:<\/p>\n<p>Gerald Dercks : trombone<br \/>\nTonnie Rutten : trumpet<br \/>\nEd Bergsma : drums<br \/>\nRaymond Rijnaarts : drums<br \/>\nJose Croeze : bass guitar<br \/>\nGiuseppe Patacca : gitaar en zang<br \/>\nHans Spuijbroek : wasbord en zang<br \/>\nEdward Verheijen : saxofoon en zang<br \/>\nGeorge Heerkens : piano<br \/>\nFrans Angenent : manager<br \/>\nPieter Buijs : assistant manager<br \/>\nIgor Verhoeven : manager online en pr<\/p>\n","protected":false},"excerpt":{"rendered":"<p>DOWN TOWN DIXIE SOCIETY since 1990 ===Yes, we\u2019re playing Jazz=== De basis van deze bijzondere en feestelijke band ligt op de Hoge Hotelschool in Maastricht. Ontstaan uit vrolijke spontaniteit onder een aantal studenten die behalve vriendschap, ook de passie deelde voor swingende muziek, entertainment en feesten &amp; partijen. Vanaf de oprichting in 1990 is daar &hellip; <a href=\"https:\/\/downtowndixiesociety.com\/nl\/about-downtown-dixie\/\" class=\"more-link\">Lees verder <span class=\"screen-reader-text\">&#8220;Bio&#8221;<\/span><\/a><\/p>\n","protected":false},"author":2,"featured_media":0,"parent":0,"menu_order":0,"comment_status":"closed","ping_status":"closed","template":"","meta":{"footnotes":""},"class_list":["post-37","page","type-page","status-publish","hentry"],"translation":{"provider":"WPGlobus","version":"3.0.2","language":"nl","enabled_languages":["en","nl"],"languages":{"en":{"title":true,"content":true,"excerpt":false},"nl":{"title":true,"content":true,"excerpt":false}}},"yoast_head":"<!-- This site is optimized with the Yoast SEO plugin v26.8 - https:\/\/yoast.com\/product\/yoast-seo-wordpress\/ -->\n<title>Bio -<\/title>\n<meta name=\"robots\" content=\"index, follow, max-snippet:-1, max-image-preview:large, max-video-preview:-1\" \/>\n<link rel=\"canonical\" href=\"https:\/\/downtowndixiesociety.com\/nl\/about-downtown-dixie\/\" \/>\n<meta property=\"og:locale\" content=\"nl_NL\" \/>\n<meta property=\"og:type\" content=\"article\" \/>\n<meta property=\"og:title\" content=\"Bio -\" \/>\n<meta property=\"og:url\" content=\"https:\/\/downtowndixiesociety.com\/nl\/about-downtown-dixie\/\" \/>\n<meta property=\"article:modified_time\" content=\"2020-07-04T10:36:49+00:00\" \/>\n<meta property=\"og:image\" content=\"http:\/\/downtowndixiesociety.com\/wp-content\/uploads\/2016\/07\/D.T.D.S_kaartje-264x300.gif\" \/>\n<meta name=\"twitter:card\" content=\"summary_large_image\" \/>\n<meta name=\"twitter:label1\" content=\"Geschatte leestijd\" \/>\n\t<meta name=\"twitter:data1\" content=\"6 minuten\" \/>\n<script type=\"application\/ld+json\" class=\"yoast-schema-graph\">{\"@context\":\"https:\/\/schema.org\",\"@graph\":[{\"@type\":\"WebPage\",\"@id\":\"https:\/\/downtowndixiesociety.com\/nl\/about-downtown-dixie\/\",\"url\":\"https:\/\/downtowndixiesociety.com\/nl\/about-downtown-dixie\/\",\"name\":\"Bio -\",\"isPartOf\":{\"@id\":\"http:\/\/downtowndixiesociety.com\/#website\"},\"primaryImageOfPage\":{\"@id\":\"https:\/\/downtowndixiesociety.com\/nl\/about-downtown-dixie\/#primaryimage\"},\"image\":{\"@id\":\"https:\/\/downtowndixiesociety.com\/nl\/about-downtown-dixie\/#primaryimage\"},\"thumbnailUrl\":\"http:\/\/downtowndixiesociety.com\/wp-content\/uploads\/2016\/07\/D.T.D.S_kaartje-264x300.gif\",\"datePublished\":\"2016-07-07T21:10:54+00:00\",\"dateModified\":\"2020-07-04T10:36:49+00:00\",\"breadcrumb\":{\"@id\":\"https:\/\/downtowndixiesociety.com\/nl\/about-downtown-dixie\/#breadcrumb\"},\"inLanguage\":\"nl-NL\",\"potentialAction\":[{\"@type\":\"ReadAction\",\"target\":[\"https:\/\/downtowndixiesociety.com\/nl\/about-downtown-dixie\/\"]}]},{\"@type\":\"ImageObject\",\"inLanguage\":\"nl-NL\",\"@id\":\"https:\/\/downtowndixiesociety.com\/nl\/about-downtown-dixie\/#primaryimage\",\"url\":\"http:\/\/downtowndixiesociety.com\/wp-content\/uploads\/2016\/07\/D.T.D.S_kaartje-264x300.gif\",\"contentUrl\":\"http:\/\/downtowndixiesociety.com\/wp-content\/uploads\/2016\/07\/D.T.D.S_kaartje-264x300.gif\"},{\"@type\":\"BreadcrumbList\",\"@id\":\"https:\/\/downtowndixiesociety.com\/nl\/about-downtown-dixie\/#breadcrumb\",\"itemListElement\":[{\"@type\":\"ListItem\",\"position\":1,\"name\":\"Home\",\"item\":\"http:\/\/downtowndixiesociety.com\/\"},{\"@type\":\"ListItem\",\"position\":2,\"name\":\"Bio\"}]},{\"@type\":\"WebSite\",\"@id\":\"http:\/\/downtowndixiesociety.com\/#website\",\"url\":\"http:\/\/downtowndixiesociety.com\/\",\"name\":\"\",\"description\":\"yes, we&#039;re playing jazz\",\"potentialAction\":[{\"@type\":\"SearchAction\",\"target\":{\"@type\":\"EntryPoint\",\"urlTemplate\":\"http:\/\/downtowndixiesociety.com\/?s={search_term_string}\"},\"query-input\":{\"@type\":\"PropertyValueSpecification\",\"valueRequired\":true,\"valueName\":\"search_term_string\"}}],\"inLanguage\":\"nl-NL\"}]}<\/script>\n<!-- \/ Yoast SEO plugin. -->","yoast_head_json":{"title":"Bio -","robots":{"index":"index","follow":"follow","max-snippet":"max-snippet:-1","max-image-preview":"max-image-preview:large","max-video-preview":"max-video-preview:-1"},"canonical":"https:\/\/downtowndixiesociety.com\/nl\/about-downtown-dixie\/","og_locale":"nl_NL","og_type":"article","og_title":"Bio -","og_url":"https:\/\/downtowndixiesociety.com\/nl\/about-downtown-dixie\/","article_modified_time":"2020-07-04T10:36:49+00:00","og_image":[{"url":"http:\/\/downtowndixiesociety.com\/wp-content\/uploads\/2016\/07\/D.T.D.S_kaartje-264x300.gif","type":"","width":"","height":""}],"twitter_card":"summary_large_image","twitter_misc":{"Geschatte leestijd":"6 minuten"},"schema":{"@context":"https:\/\/schema.org","@graph":[{"@type":"WebPage","@id":"https:\/\/downtowndixiesociety.com\/nl\/about-downtown-dixie\/","url":"https:\/\/downtowndixiesociety.com\/nl\/about-downtown-dixie\/","name":"Bio -","isPartOf":{"@id":"http:\/\/downtowndixiesociety.com\/#website"},"primaryImageOfPage":{"@id":"https:\/\/downtowndixiesociety.com\/nl\/about-downtown-dixie\/#primaryimage"},"image":{"@id":"https:\/\/downtowndixiesociety.com\/nl\/about-downtown-dixie\/#primaryimage"},"thumbnailUrl":"http:\/\/downtowndixiesociety.com\/wp-content\/uploads\/2016\/07\/D.T.D.S_kaartje-264x300.gif","datePublished":"2016-07-07T21:10:54+00:00","dateModified":"2020-07-04T10:36:49+00:00","breadcrumb":{"@id":"https:\/\/downtowndixiesociety.com\/nl\/about-downtown-dixie\/#breadcrumb"},"inLanguage":"nl-NL","potentialAction":[{"@type":"ReadAction","target":["https:\/\/downtowndixiesociety.com\/nl\/about-downtown-dixie\/"]}]},{"@type":"ImageObject","inLanguage":"nl-NL","@id":"https:\/\/downtowndixiesociety.com\/nl\/about-downtown-dixie\/#primaryimage","url":"http:\/\/downtowndixiesociety.com\/wp-content\/uploads\/2016\/07\/D.T.D.S_kaartje-264x300.gif","contentUrl":"http:\/\/downtowndixiesociety.com\/wp-content\/uploads\/2016\/07\/D.T.D.S_kaartje-264x300.gif"},{"@type":"BreadcrumbList","@id":"https:\/\/downtowndixiesociety.com\/nl\/about-downtown-dixie\/#breadcrumb","itemListElement":[{"@type":"ListItem","position":1,"name":"Home","item":"http:\/\/downtowndixiesociety.com\/"},{"@type":"ListItem","position":2,"name":"Bio"}]},{"@type":"WebSite","@id":"http:\/\/downtowndixiesociety.com\/#website","url":"http:\/\/downtowndixiesociety.com\/","name":"","description":"yes, we&#039;re playing jazz","potentialAction":[{"@type":"SearchAction","target":{"@type":"EntryPoint","urlTemplate":"http:\/\/downtowndixiesociety.com\/?s={search_term_string}"},"query-input":{"@type":"PropertyValueSpecification","valueRequired":true,"valueName":"search_term_string"}}],"inLanguage":"nl-NL"}]}},"_links":{"self":[{"href":"https:\/\/downtowndixiesociety.com\/nl\/wp-json\/wp\/v2\/pages\/37","targetHints":{"allow":["GET"]}}],"collection":[{"href":"https:\/\/downtowndixiesociety.com\/nl\/wp-json\/wp\/v2\/pages"}],"about":[{"href":"https:\/\/downtowndixiesociety.com\/nl\/wp-json\/wp\/v2\/types\/page"}],"author":[{"embeddable":true,"href":"https:\/\/downtowndixiesociety.com\/nl\/wp-json\/wp\/v2\/users\/2"}],"replies":[{"embeddable":true,"href":"https:\/\/downtowndixiesociety.com\/nl\/wp-json\/wp\/v2\/comments?post=37"}],"version-history":[{"count":13,"href":"https:\/\/downtowndixiesociety.com\/nl\/wp-json\/wp\/v2\/pages\/37\/revisions"}],"predecessor-version":[{"id":413,"href":"https:\/\/downtowndixiesociety.com\/nl\/wp-json\/wp\/v2\/pages\/37\/revisions\/413"}],"wp:attachment":[{"href":"https:\/\/downtowndixiesociety.com\/nl\/wp-json\/wp\/v2\/media?parent=37"}],"curies":[{"name":"wp","href":"https:\/\/api.w.org\/{rel}","templated":true}]}}